{"id":29,"date":"2024-04-09T23:03:45","date_gmt":"2024-04-09T21:03:45","guid":{"rendered":"https:\/\/magdazwiedza.pl\/?page_id=29"},"modified":"2024-04-13T19:23:59","modified_gmt":"2024-04-13T17:23:59","slug":"dillenburg","status":"publish","type":"page","link":"https:\/\/magdazwiedza.pl\/?page_id=29","title":{"rendered":"Dillenburg"},"content":{"rendered":"\n<p>Nawi\u0105zanie do Wilhelma Ora\u0144skiego. Troch\u0119 by\u0142o pod g\u00f3rk\u0119 \ud83d\ude09<\/p>\n\n\n\n<p>Kraj zwi\u0105zkowy: Hesja<\/p>\n\n\n\n<p>+ ciekawostki<\/p>\n\n\n\n<p><\/p>\n\n\n\n<p><\/p>\n\n\n\n<p><\/p>\n","protected":false},"excerpt":{"rendered":"<p>Nawi\u0105zanie do Wilhelma Ora\u0144skiego. Troch\u0119 by\u0142o pod g\u00f3rk\u0119 \ud83d\ude09 Kraj zwi\u0105zkowy: Hesja + ciekawostki<\/p>\n","protected":false},"author":1,"featured_media":0,"parent":0,"menu_order":0,"comment_status":"closed","ping_status":"closed","template":"","meta":{"footnotes":""},"class_list":["post-29","page","type-page","status-publish","hentry"],"_links":{"self":[{"href":"https:\/\/magdazwiedza.pl\/index.php?rest_route=\/wp\/v2\/pages\/29","targetHints":{"allow":["GET"]}}],"collection":[{"href":"https:\/\/magdazwiedza.pl\/index.php?rest_route=\/wp\/v2\/pages"}],"about":[{"href":"https:\/\/magdazwiedza.pl\/index.php?rest_route=\/wp\/v2\/types\/page"}],"author":[{"embeddable":true,"href":"https:\/\/magdazwiedza.pl\/index.php?rest_route=\/wp\/v2\/users\/1"}],"replies":[{"embeddable":true,"href":"https:\/\/magdazwiedza.pl\/index.php?rest_route=%2Fwp%2Fv2%2Fcomments&post=29"}],"version-history":[{"count":3,"href":"https:\/\/magdazwiedza.pl\/index.php?rest_route=\/wp\/v2\/pages\/29\/revisions"}],"predecessor-version":[{"id":32,"href":"https:\/\/magdazwiedza.pl\/index.php?rest_route=\/wp\/v2\/pages\/29\/revisions\/32"}],"wp:attachment":[{"href":"https:\/\/magdazwiedza.pl\/index.php?rest_route=%2Fwp%2Fv2%2Fmedia&parent=29"}],"curies":[{"name":"wp","href":"https:\/\/api.w.org\/{rel}","templated":true}]}}